{"id":75,"date":"2020-05-08T23:10:12","date_gmt":"2020-05-08T21:10:12","guid":{"rendered":"http:\/\/www.benjshow.fr\/?page_id=75"},"modified":"2021-02-01T18:40:20","modified_gmt":"2021-02-01T17:40:20","slug":"contact","status":"publish","type":"page","link":"https:\/\/www.benjshow.fr\/?page_id=75","title":{"rendered":"Contact"},"content":{"rendered":"\n<p class=\"has-text-align-center\">Un devis, un conseil ? On vous r\u00e9pond rapidement  !<\/p>\n\n\n\n<p class=\"has-text-align-center\">\u00b0<\/p>\n\n\n\n<p class=\"has-text-align-center\"><strong><span class=\"has-inline-color has-black-color\">Benjamin GERSON<\/span><\/strong> <strong>&amp; L\u00e9a CHATAIGNER<\/strong><\/p>\n\n\n\n<p class=\"has-text-align-center\">sont les <strong><a href=\"http:\/\/www.benjshow.fr\/\">Magiciens des Bulles<\/a><\/strong><\/p>\n\n\n\n<p class=\"has-text-align-center\">\u00b0<\/p>\n\n\n\n<p class=\"has-text-align-center\"><strong>06 69 60 91 50<\/strong><\/p>\n\n\n\n<p class=\"has-text-align-center\"><strong><a href=\"mailto:lesmagiciensdesbulles@gmail.com\">lesmagiciensdesbulles@gmail.com<\/a><\/strong><\/p>\n\n\n\n<div class=\"wp-block-image\"><figure class=\"aligncenter size-large is-resized\"><a href=\"www.facebook.com\/lesmagiciensdesbulles\"><img loading=\"lazy\" src=\"http:\/\/www.benjshow.fr\/wp-content\/uploads\/2020\/05\/ee7c3b568d2f8f599757a55805464256.png\" alt=\"\" class=\"wp-image-266\" width=\"286\" height=\"248\" srcset=\"https:\/\/www.benjshow.fr\/wp-content\/uploads\/2020\/05\/ee7c3b568d2f8f599757a55805464256.png 500w, https:\/\/www.benjshow.fr\/wp-content\/uploads\/2020\/05\/ee7c3b568d2f8f599757a55805464256-300x261.png 300w\" sizes=\"(max-width: 286px) 100vw, 286px\" \/><\/a><figcaption><strong>Suivez nous sur Facebook pour nos derni\u00e8res actualit\u00e9s et b\u00eatises bullesques !<\/strong><\/figcaption><\/figure><\/div>\n\n\n<p>\u00a0<\/p>\n<p><!--more--><\/p>\n<p>Voir aussi Les Magiciens des Bulles sur le site officiel <a href=\"http:\/\/www.lesmagiciensdesbulles.com\"><strong>www.lesmagiciensdesbulles.com<\/strong><\/a><\/p>","protected":false},"excerpt":{"rendered":"<p>Un devis, un conseil ? On vous r\u00e9pond rapidement ! \u00b0 Benjamin GERSON &amp; L\u00e9a CHATAIGNER sont les Magiciens des Bulles \u00b0 06 69 60 91 50 lesmagiciensdesbulles@gmail.com \u00a0<\/p>\n","protected":false},"author":1,"featured_media":0,"parent":0,"menu_order":0,"comment_status":"closed","ping_status":"closed","template":"","meta":[],"_links":{"self":[{"href":"https:\/\/www.benjshow.fr\/index.php?rest_route=\/wp\/v2\/pages\/75"}],"collection":[{"href":"https:\/\/www.benjshow.fr\/index.php?rest_route=\/wp\/v2\/pages"}],"about":[{"href":"https:\/\/www.benjshow.fr\/index.php?rest_route=\/wp\/v2\/types\/page"}],"author":[{"embeddable":true,"href":"https:\/\/www.benjshow.fr\/index.php?rest_route=\/wp\/v2\/users\/1"}],"replies":[{"embeddable":true,"href":"https:\/\/www.benjshow.fr\/index.php?rest_route=%2Fwp%2Fv2%2Fcomments&post=75"}],"version-history":[{"count":8,"href":"https:\/\/www.benjshow.fr\/index.php?rest_route=\/wp\/v2\/pages\/75\/revisions"}],"predecessor-version":[{"id":304,"href":"https:\/\/www.benjshow.fr\/index.php?rest_route=\/wp\/v2\/pages\/75\/revisions\/304"}],"wp:attachment":[{"href":"https:\/\/www.benjshow.fr\/index.php?rest_route=%2Fwp%2Fv2%2Fmedia&parent=75"}],"curies":[{"name":"wp","href":"https:\/\/api.w.org\/{rel}","templated":true}]}}