{"id":15,"date":"2020-05-08T20:22:20","date_gmt":"2020-05-08T18:22:20","guid":{"rendered":"http:\/\/www.benjshow.fr\/?page_id=15"},"modified":"2021-02-01T18:36:51","modified_gmt":"2021-02-01T17:36:51","slug":"spectacle-de-bulles-de-savon","status":"publish","type":"page","link":"https:\/\/www.benjshow.fr\/?page_id=15","title":{"rendered":"Spectacle de bulles de savon"},"content":{"rendered":"\n<p><strong>Ben&rsquo;J &amp; L\u00e9a sont experts dans l&rsquo;art d\u00e9licat des bulles de savon.<\/strong><\/p>\n\n\n\n<p>Chacun sait qu&rsquo;une bulle est fragile, \u00e9ph\u00e9m\u00e8re, ce qui renforce d&rsquo;autant plus la beaut\u00e9 de cet art original accessible \u00e0 tous les publics, de 0 \u00e0 100 ans,&#8230;et m\u00eame plus !<\/p>\n\n\n\n<p><\/p>\n\n\n<p>Les Magiciens des Bulles proposent des spectacles sur sc\u00e8ne en int\u00e9rieur, et en ext\u00e9rieur sur un espace fixe ou d\u00e9ambulatoire.<\/p>\n\n\n<p>Demandez par mail les brochures de nos spectacles.<\/p>\n\n\n\n<figure class=\"wp-block-gallery columns-4 is-cropped\"><ul class=\"blocks-gallery-grid\"><li class=\"blocks-gallery-item\"><figure><img loading=\"lazy\" width=\"1024\" height=\"996\" src=\"http:\/\/www.benjshow.fr\/wp-content\/uploads\/2020\/05\/50603735_218482415768033_7729637897988472832_n-1024x996.jpg\" alt=\"\" data-id=\"231\" data-full-url=\"http:\/\/www.benjshow.fr\/wp-content\/uploads\/2020\/05\/50603735_218482415768033_7729637897988472832_n.jpg\" data-link=\"http:\/\/www.benjshow.fr\/?attachment_id=231\" class=\"wp-image-231\" srcset=\"https:\/\/www.benjshow.fr\/wp-content\/uploads\/2020\/05\/50603735_218482415768033_7729637897988472832_n-1024x996.jpg 1024w, https:\/\/www.benjshow.fr\/wp-content\/uploads\/2020\/05\/50603735_218482415768033_7729637897988472832_n-300x292.jpg 300w, https:\/\/www.benjshow.fr\/wp-content\/uploads\/2020\/05\/50603735_218482415768033_7729637897988472832_n-768x747.jpg 768w, https:\/\/www.benjshow.fr\/wp-content\/uploads\/2020\/05\/50603735_218482415768033_7729637897988472832_n-1536x1493.jpg 1536w, https:\/\/www.benjshow.fr\/wp-content\/uploads\/2020\/05\/50603735_218482415768033_7729637897988472832_n.jpg 2048w\" sizes=\"(max-width: 1024px) 100vw, 1024px\" \/><\/figure><\/li><li class=\"blocks-gallery-item\"><figure><img loading=\"lazy\" width=\"1024\" height=\"768\" src=\"http:\/\/www.benjshow.fr\/wp-content\/uploads\/2020\/05\/RWTgDIQ2miyDYmpny9Vg_thumb_d356.jpg\" alt=\"\" data-id=\"233\" data-full-url=\"http:\/\/www.benjshow.fr\/wp-content\/uploads\/2020\/05\/RWTgDIQ2miyDYmpny9Vg_thumb_d356.jpg\" data-link=\"http:\/\/www.benjshow.fr\/?attachment_id=233\" class=\"wp-image-233\" srcset=\"https:\/\/www.benjshow.fr\/wp-content\/uploads\/2020\/05\/RWTgDIQ2miyDYmpny9Vg_thumb_d356.jpg 1024w, https:\/\/www.benjshow.fr\/wp-content\/uploads\/2020\/05\/RWTgDIQ2miyDYmpny9Vg_thumb_d356-300x225.jpg 300w, https:\/\/www.benjshow.fr\/wp-content\/uploads\/2020\/05\/RWTgDIQ2miyDYmpny9Vg_thumb_d356-768x576.jpg 768w\" sizes=\"(max-width: 1024px) 100vw, 1024px\" \/><\/figure><\/li><li class=\"blocks-gallery-item\"><figure><img loading=\"lazy\" width=\"1024\" height=\"683\" src=\"http:\/\/www.benjshow.fr\/wp-content\/uploads\/2020\/05\/F1EFFC52-BEC6-498D-905C-AEE792720EFB-1024x683.jpeg\" alt=\"\" data-id=\"224\" data-full-url=\"http:\/\/www.benjshow.fr\/wp-content\/uploads\/2020\/05\/F1EFFC52-BEC6-498D-905C-AEE792720EFB-scaled.jpeg\" data-link=\"http:\/\/www.benjshow.fr\/?attachment_id=224\" class=\"wp-image-224\" srcset=\"https:\/\/www.benjshow.fr\/wp-content\/uploads\/2020\/05\/F1EFFC52-BEC6-498D-905C-AEE792720EFB-1024x683.jpeg 1024w, https:\/\/www.benjshow.fr\/wp-content\/uploads\/2020\/05\/F1EFFC52-BEC6-498D-905C-AEE792720EFB-300x200.jpeg 300w, https:\/\/www.benjshow.fr\/wp-content\/uploads\/2020\/05\/F1EFFC52-BEC6-498D-905C-AEE792720EFB-768x512.jpeg 768w, https:\/\/www.benjshow.fr\/wp-content\/uploads\/2020\/05\/F1EFFC52-BEC6-498D-905C-AEE792720EFB-1536x1024.jpeg 1536w, https:\/\/www.benjshow.fr\/wp-content\/uploads\/2020\/05\/F1EFFC52-BEC6-498D-905C-AEE792720EFB-2048x1365.jpeg 2048w\" sizes=\"(max-width: 1024px) 100vw, 1024px\" \/><\/figure><\/li><li class=\"blocks-gallery-item\"><figure><img loading=\"lazy\" width=\"814\" height=\"1024\" src=\"http:\/\/www.benjshow.fr\/wp-content\/uploads\/2020\/05\/F9H51hkRRaEeXQ75jU8YA_thumb_dce9.jpg\" alt=\"\" data-id=\"216\" data-full-url=\"http:\/\/www.benjshow.fr\/wp-content\/uploads\/2020\/05\/F9H51hkRRaEeXQ75jU8YA_thumb_dce9.jpg\" data-link=\"http:\/\/www.benjshow.fr\/?attachment_id=216\" class=\"wp-image-216\" srcset=\"https:\/\/www.benjshow.fr\/wp-content\/uploads\/2020\/05\/F9H51hkRRaEeXQ75jU8YA_thumb_dce9.jpg 814w, https:\/\/www.benjshow.fr\/wp-content\/uploads\/2020\/05\/F9H51hkRRaEeXQ75jU8YA_thumb_dce9-238x300.jpg 238w, https:\/\/www.benjshow.fr\/wp-content\/uploads\/2020\/05\/F9H51hkRRaEeXQ75jU8YA_thumb_dce9-768x966.jpg 768w\" sizes=\"(max-width: 814px) 100vw, 814px\" \/><\/figure><\/li><li class=\"blocks-gallery-item\"><figure><img loading=\"lazy\" width=\"1024\" height=\"600\" src=\"http:\/\/www.benjshow.fr\/wp-content\/uploads\/2020\/05\/DSC04978-2-1024x600.jpeg\" alt=\"\" data-id=\"210\" data-full-url=\"http:\/\/www.benjshow.fr\/wp-content\/uploads\/2020\/05\/DSC04978-2-scaled.jpeg\" data-link=\"http:\/\/www.benjshow.fr\/?attachment_id=210\" class=\"wp-image-210\" srcset=\"https:\/\/www.benjshow.fr\/wp-content\/uploads\/2020\/05\/DSC04978-2-1024x600.jpeg 1024w, https:\/\/www.benjshow.fr\/wp-content\/uploads\/2020\/05\/DSC04978-2-300x176.jpeg 300w, https:\/\/www.benjshow.fr\/wp-content\/uploads\/2020\/05\/DSC04978-2-768x450.jpeg 768w, https:\/\/www.benjshow.fr\/wp-content\/uploads\/2020\/05\/DSC04978-2-1536x901.jpeg 1536w, https:\/\/www.benjshow.fr\/wp-content\/uploads\/2020\/05\/DSC04978-2-2048x1201.jpeg 2048w\" sizes=\"(max-width: 1024px) 100vw, 1024px\" \/><\/figure><\/li><li class=\"blocks-gallery-item\"><figure><img loading=\"lazy\" width=\"1024\" height=\"681\" src=\"http:\/\/www.benjshow.fr\/wp-content\/uploads\/2020\/05\/lea-multibullier-1024x681.jpg\" alt=\"\" data-id=\"204\" data-full-url=\"http:\/\/www.benjshow.fr\/wp-content\/uploads\/2020\/05\/lea-multibullier.jpg\" data-link=\"http:\/\/www.benjshow.fr\/?attachment_id=204\" class=\"wp-image-204\" srcset=\"https:\/\/www.benjshow.fr\/wp-content\/uploads\/2020\/05\/lea-multibullier-1024x681.jpg 1024w, https:\/\/www.benjshow.fr\/wp-content\/uploads\/2020\/05\/lea-multibullier-300x200.jpg 300w, https:\/\/www.benjshow.fr\/wp-content\/uploads\/2020\/05\/lea-multibullier-768x511.jpg 768w, https:\/\/www.benjshow.fr\/wp-content\/uploads\/2020\/05\/lea-multibullier.jpg 1087w\" sizes=\"(max-width: 1024px) 100vw, 1024px\" \/><\/figure><\/li><li class=\"blocks-gallery-item\"><figure><img loading=\"lazy\" width=\"1024\" height=\"683\" src=\"http:\/\/www.benjshow.fr\/wp-content\/uploads\/2020\/05\/DSC06897-1024x683.jpeg\" alt=\"\" data-id=\"191\" data-full-url=\"http:\/\/www.benjshow.fr\/wp-content\/uploads\/2020\/05\/DSC06897-scaled.jpeg\" data-link=\"http:\/\/www.benjshow.fr\/?attachment_id=191\" class=\"wp-image-191\" srcset=\"https:\/\/www.benjshow.fr\/wp-content\/uploads\/2020\/05\/DSC06897-1024x683.jpeg 1024w, https:\/\/www.benjshow.fr\/wp-content\/uploads\/2020\/05\/DSC06897-300x200.jpeg 300w, https:\/\/www.benjshow.fr\/wp-content\/uploads\/2020\/05\/DSC06897-768x512.jpeg 768w, https:\/\/www.benjshow.fr\/wp-content\/uploads\/2020\/05\/DSC06897-1536x1024.jpeg 1536w, https:\/\/www.benjshow.fr\/wp-content\/uploads\/2020\/05\/DSC06897-2048x1365.jpeg 2048w\" sizes=\"(max-width: 1024px) 100vw, 1024px\" \/><\/figure><\/li><li class=\"blocks-gallery-item\"><figure><img loading=\"lazy\" width=\"1024\" height=\"672\" src=\"http:\/\/www.benjshow.fr\/wp-content\/uploads\/2020\/05\/DSC04275-1024x672.jpeg\" alt=\"\" data-id=\"214\" data-full-url=\"http:\/\/www.benjshow.fr\/wp-content\/uploads\/2020\/05\/DSC04275-scaled.jpeg\" data-link=\"http:\/\/www.benjshow.fr\/?attachment_id=214\" class=\"wp-image-214\" srcset=\"https:\/\/www.benjshow.fr\/wp-content\/uploads\/2020\/05\/DSC04275-1024x672.jpeg 1024w, https:\/\/www.benjshow.fr\/wp-content\/uploads\/2020\/05\/DSC04275-300x197.jpeg 300w, https:\/\/www.benjshow.fr\/wp-content\/uploads\/2020\/05\/DSC04275-768x504.jpeg 768w, https:\/\/www.benjshow.fr\/wp-content\/uploads\/2020\/05\/DSC04275-1536x1009.jpeg 1536w, https:\/\/www.benjshow.fr\/wp-content\/uploads\/2020\/05\/DSC04275-2048x1345.jpeg 2048w\" sizes=\"(max-width: 1024px) 100vw, 1024px\" \/><\/figure><\/li><\/ul><\/figure>\n","protected":false},"excerpt":{"rendered":"<p>Ben&rsquo;J &amp; L\u00e9a sont experts dans l&rsquo;art d\u00e9licat des bulles de savon. Chacun sait qu&rsquo;une bulle est fragile, \u00e9ph\u00e9m\u00e8re, ce qui renforce d&rsquo;autant plus la beaut\u00e9 de cet art original [&hellip;]<\/p>\n","protected":false},"author":1,"featured_media":0,"parent":104,"menu_order":0,"comment_status":"closed","ping_status":"closed","template":"","meta":[],"_links":{"self":[{"href":"https:\/\/www.benjshow.fr\/index.php?rest_route=\/wp\/v2\/pages\/15"}],"collection":[{"href":"https:\/\/www.benjshow.fr\/index.php?rest_route=\/wp\/v2\/pages"}],"about":[{"href":"https:\/\/www.benjshow.fr\/index.php?rest_route=\/wp\/v2\/types\/page"}],"author":[{"embeddable":true,"href":"https:\/\/www.benjshow.fr\/index.php?rest_route=\/wp\/v2\/users\/1"}],"replies":[{"embeddable":true,"href":"https:\/\/www.benjshow.fr\/index.php?rest_route=%2Fwp%2Fv2%2Fcomments&post=15"}],"version-history":[{"count":6,"href":"https:\/\/www.benjshow.fr\/index.php?rest_route=\/wp\/v2\/pages\/15\/revisions"}],"predecessor-version":[{"id":301,"href":"https:\/\/www.benjshow.fr\/index.php?rest_route=\/wp\/v2\/pages\/15\/revisions\/301"}],"up":[{"embeddable":true,"href":"https:\/\/www.benjshow.fr\/index.php?rest_route=\/wp\/v2\/pages\/104"}],"wp:attachment":[{"href":"https:\/\/www.benjshow.fr\/index.php?rest_route=%2Fwp%2Fv2%2Fmedia&parent=15"}],"curies":[{"name":"wp","href":"https:\/\/api.w.org\/{rel}","templated":true}]}}