{"id":104,"date":"2020-05-10T13:58:30","date_gmt":"2020-05-10T11:58:30","guid":{"rendered":"http:\/\/www.benjshow.fr\/?page_id=104"},"modified":"2020-05-13T19:12:26","modified_gmt":"2020-05-13T17:12:26","slug":"spectacles-2","status":"publish","type":"page","link":"http:\/\/www.benjshow.fr\/?page_id=104","title":{"rendered":"Spectacles"},"content":{"rendered":"<p>Les magiciens des bulles pr\u00e9sentent leurs spectacles :<\/p>\n<p>\u00a0<\/p>\n<p><strong>\u00ab\u00a0Fantasia\u00a0\u00bb<\/strong> : le spectacle de bulles en duo sur sc\u00e8ne, d&rsquo;une heure<\/p>\n<p><strong>\u00ab\u00a0Le Magicien des Bulles\u00a0\u00bb<\/strong> : le spectacle de bulles en version solo, d&rsquo;environ 45 min<\/p>\n<p><strong>\u00ab\u00a0Anim&rsquo;Bulles\u00a0\u00bb<\/strong> : le spectacle de de rue, en fixe ou d\u00e9ambulation<\/p>\n<p><strong>\u00ab\u00a0Magic Show\u00a0\u00bb<\/strong> : le spectacle de magie jeune public<\/p>\n<p><strong>\u00ab\u00a0Light Show\u00a0\u00bb<\/strong> : num\u00e9ro sur sc\u00e8ne ou attraction visuelle en ext\u00e9rieur<\/p>\n<p>\u00a0<\/p>\n<p>\u00a0<\/p>\n\n\n<figure class=\"wp-block-gallery columns-4 is-cropped\"><ul class=\"blocks-gallery-grid\"><li class=\"blocks-gallery-item\"><figure><img loading=\"lazy\" width=\"873\" height=\"1024\" src=\"http:\/\/www.benjshow.fr\/wp-content\/uploads\/2020\/05\/Surprises-Magiques-873x1024.jpg\" alt=\"\" data-id=\"205\" data-full-url=\"http:\/\/www.benjshow.fr\/wp-content\/uploads\/2020\/05\/Surprises-Magiques.jpg\" data-link=\"http:\/\/www.benjshow.fr\/?attachment_id=205\" class=\"wp-image-205\" srcset=\"http:\/\/www.benjshow.fr\/wp-content\/uploads\/2020\/05\/Surprises-Magiques-873x1024.jpg 873w, http:\/\/www.benjshow.fr\/wp-content\/uploads\/2020\/05\/Surprises-Magiques-256x300.jpg 256w, http:\/\/www.benjshow.fr\/wp-content\/uploads\/2020\/05\/Surprises-Magiques-768x901.jpg 768w, http:\/\/www.benjshow.fr\/wp-content\/uploads\/2020\/05\/Surprises-Magiques.jpg 921w\" sizes=\"(max-width: 873px) 100vw, 873px\" \/><\/figure><\/li><li class=\"blocks-gallery-item\"><figure><img loading=\"lazy\" width=\"800\" height=\"533\" src=\"http:\/\/www.benjshow.fr\/wp-content\/uploads\/2020\/05\/DSC00866.jpeg\" alt=\"\" data-id=\"163\" data-full-url=\"http:\/\/www.benjshow.fr\/wp-content\/uploads\/2020\/05\/DSC00866.jpeg\" data-link=\"http:\/\/www.benjshow.fr\/?attachment_id=163\" class=\"wp-image-163\" srcset=\"http:\/\/www.benjshow.fr\/wp-content\/uploads\/2020\/05\/DSC00866.jpeg 800w, http:\/\/www.benjshow.fr\/wp-content\/uploads\/2020\/05\/DSC00866-300x200.jpeg 300w, http:\/\/www.benjshow.fr\/wp-content\/uploads\/2020\/05\/DSC00866-768x512.jpeg 768w\" sizes=\"(max-width: 800px) 100vw, 800px\" \/><\/figure><\/li><li class=\"blocks-gallery-item\"><figure><img loading=\"lazy\" width=\"1024\" height=\"954\" src=\"http:\/\/www.benjshow.fr\/wp-content\/uploads\/2020\/05\/8C9F6482-F7CE-4F41-9FFA-4CCA8B15543D_1_201_a-1024x954.jpeg\" alt=\"\" data-id=\"140\" data-full-url=\"http:\/\/www.benjshow.fr\/wp-content\/uploads\/2020\/05\/8C9F6482-F7CE-4F41-9FFA-4CCA8B15543D_1_201_a-scaled.jpeg\" data-link=\"http:\/\/www.benjshow.fr\/?attachment_id=140\" class=\"wp-image-140\" srcset=\"http:\/\/www.benjshow.fr\/wp-content\/uploads\/2020\/05\/8C9F6482-F7CE-4F41-9FFA-4CCA8B15543D_1_201_a-1024x954.jpeg 1024w, http:\/\/www.benjshow.fr\/wp-content\/uploads\/2020\/05\/8C9F6482-F7CE-4F41-9FFA-4CCA8B15543D_1_201_a-300x280.jpeg 300w, http:\/\/www.benjshow.fr\/wp-content\/uploads\/2020\/05\/8C9F6482-F7CE-4F41-9FFA-4CCA8B15543D_1_201_a-768x716.jpeg 768w, http:\/\/www.benjshow.fr\/wp-content\/uploads\/2020\/05\/8C9F6482-F7CE-4F41-9FFA-4CCA8B15543D_1_201_a-1536x1432.jpeg 1536w, http:\/\/www.benjshow.fr\/wp-content\/uploads\/2020\/05\/8C9F6482-F7CE-4F41-9FFA-4CCA8B15543D_1_201_a-2048x1909.jpeg 2048w\" sizes=\"(max-width: 1024px) 100vw, 1024px\" \/><\/figure><\/li><li class=\"blocks-gallery-item\"><figure><img loading=\"lazy\" width=\"1024\" height=\"683\" src=\"http:\/\/www.benjshow.fr\/wp-content\/uploads\/2020\/05\/yRwRTEZTtOFfVNOVrSFA_thumb_d369-1024x683.jpg\" alt=\"\" data-id=\"42\" data-full-url=\"http:\/\/www.benjshow.fr\/wp-content\/uploads\/2020\/05\/yRwRTEZTtOFfVNOVrSFA_thumb_d369.jpg\" data-link=\"http:\/\/www.benjshow.fr\/?attachment_id=42\" class=\"wp-image-42\" srcset=\"http:\/\/www.benjshow.fr\/wp-content\/uploads\/2020\/05\/yRwRTEZTtOFfVNOVrSFA_thumb_d369-1024x683.jpg 1024w, http:\/\/www.benjshow.fr\/wp-content\/uploads\/2020\/05\/yRwRTEZTtOFfVNOVrSFA_thumb_d369-300x200.jpg 300w, http:\/\/www.benjshow.fr\/wp-content\/uploads\/2020\/05\/yRwRTEZTtOFfVNOVrSFA_thumb_d369-768x512.jpg 768w, http:\/\/www.benjshow.fr\/wp-content\/uploads\/2020\/05\/yRwRTEZTtOFfVNOVrSFA_thumb_d369.jpg 1086w\" sizes=\"(max-width: 1024px) 100vw, 1024px\" \/><\/figure><\/li><\/ul><\/figure>\n","protected":false},"excerpt":{"rendered":"<p>Les magiciens des bulles pr\u00e9sentent leurs spectacles : \u00a0 \u00ab\u00a0Fantasia\u00a0\u00bb : le spectacle de bulles en duo sur sc\u00e8ne, d&rsquo;une heure \u00ab\u00a0Le Magicien des Bulles\u00a0\u00bb : le spectacle de bulles [&hellip;]<\/p>\n","protected":false},"author":1,"featured_media":0,"parent":0,"menu_order":0,"comment_status":"closed","ping_status":"closed","template":"","meta":[],"_links":{"self":[{"href":"http:\/\/www.benjshow.fr\/index.php?rest_route=\/wp\/v2\/pages\/104"}],"collection":[{"href":"http:\/\/www.benjshow.fr\/index.php?rest_route=\/wp\/v2\/pages"}],"about":[{"href":"http:\/\/www.benjshow.fr\/index.php?rest_route=\/wp\/v2\/types\/page"}],"author":[{"embeddable":true,"href":"http:\/\/www.benjshow.fr\/index.php?rest_route=\/wp\/v2\/users\/1"}],"replies":[{"embeddable":true,"href":"http:\/\/www.benjshow.fr\/index.php?rest_route=%2Fwp%2Fv2%2Fcomments&post=104"}],"version-history":[{"count":2,"href":"http:\/\/www.benjshow.fr\/index.php?rest_route=\/wp\/v2\/pages\/104\/revisions"}],"predecessor-version":[{"id":277,"href":"http:\/\/www.benjshow.fr\/index.php?rest_route=\/wp\/v2\/pages\/104\/revisions\/277"}],"wp:attachment":[{"href":"http:\/\/www.benjshow.fr\/index.php?rest_route=%2Fwp%2Fv2%2Fmedia&parent=104"}],"curies":[{"name":"wp","href":"https:\/\/api.w.org\/{rel}","templated":true}]}}